{"id":566,"date":"2023-01-19T10:53:11","date_gmt":"2023-01-19T10:53:11","guid":{"rendered":"https:\/\/amberlynhotel.com\/apartmanok\/"},"modified":"2024-11-08T07:49:49","modified_gmt":"2024-11-08T07:49:49","slug":"apartmanok","status":"publish","type":"page","link":"https:\/\/amberlynhotel.com\/hu\/apartmanok\/","title":{"rendered":"Apartmanok"},"content":{"rendered":"","protected":false},"excerpt":{"rendered":"","protected":false},"author":1,"featured_media":0,"parent":0,"menu_order":0,"comment_status":"closed","ping_status":"closed","template":"page-apartments.php","meta":{"pgc_sgb_lightbox_settings":"","footnotes":""},"class_list":["post-566","page","type-page","status-publish","hentry"],"acf":[],"yoast_head":"<!-- This site is optimized with the Yoast SEO plugin v26.1.1 - https:\/\/yoast.com\/wordpress\/plugins\/seo\/ -->\n<title>Lakoszt\u00e1lyok \u00e9s apartmanok sz\u00e1llodai st\u00edlus\u00fa szolg\u00e1ltat\u00e1sokkal Budapesten<\/title>\n<meta name=\"description\" content=\"T\u00f6k\u00e9letes r\u00f6vid vagy hosszabb tart\u00f3zkod\u00e1sra Budapest b\u00e1jos, \u00e9lettel teli \u00e9s k\u00f6zponti Palotanegyed\u00e9ben. Foglaljon k\u00f6zvetlen\u00fcl itt.\" \/>\n<meta name=\"robots\" content=\"index, follow, max-snippet:-1, max-image-preview:large, max-video-preview:-1\" \/>\n<link rel=\"canonical\" href=\"https:\/\/amberlynhotel.com\/hu\/apartmanok\/\" \/>\n<meta property=\"og:locale\" content=\"hu_HU\" \/>\n<meta property=\"og:type\" content=\"article\" \/>\n<meta property=\"og:title\" content=\"Lakoszt\u00e1lyok \u00e9s apartmanok sz\u00e1llodai st\u00edlus\u00fa szolg\u00e1ltat\u00e1sokkal Budapesten\" \/>\n<meta property=\"og:description\" content=\"T\u00f6k\u00e9letes r\u00f6vid vagy hosszabb tart\u00f3zkod\u00e1sra Budapest b\u00e1jos, \u00e9lettel teli \u00e9s k\u00f6zponti Palotanegyed\u00e9ben. Foglaljon k\u00f6zvetlen\u00fcl itt.\" \/>\n<meta property=\"og:url\" content=\"https:\/\/amberlynhotel.com\/hu\/apartmanok\/\" \/>\n<meta property=\"og:site_name\" content=\"The Amberlyn Suite Hotel Budapest\" \/>\n<meta property=\"article:modified_time\" content=\"2024-11-08T07:49:49+00:00\" \/>\n<meta property=\"og:image\" content=\"https:\/\/amberlynhotel.com\/wp-content\/uploads\/2023\/01\/2119445.jpg\" \/>\n\t<meta property=\"og:image:width\" content=\"2300\" \/>\n\t<meta property=\"og:image:height\" content=\"1534\" \/>\n\t<meta property=\"og:image:type\" content=\"image\/jpeg\" \/>\n<meta name=\"twitter:card\" content=\"summary_large_image\" \/>\n<script type=\"application\/ld+json\" class=\"yoast-schema-graph\">{\"@context\":\"https:\/\/schema.org\",\"@graph\":[{\"@type\":\"WebPage\",\"@id\":\"https:\/\/amberlynhotel.com\/hu\/apartmanok\/\",\"url\":\"https:\/\/amberlynhotel.com\/hu\/apartmanok\/\",\"name\":\"Lakoszt\u00e1lyok \u00e9s apartmanok sz\u00e1llodai st\u00edlus\u00fa szolg\u00e1ltat\u00e1sokkal Budapesten\",\"isPartOf\":{\"@id\":\"https:\/\/amberlynhotel.com\/hu\/#website\"},\"datePublished\":\"2023-01-19T10:53:11+00:00\",\"dateModified\":\"2024-11-08T07:49:49+00:00\",\"description\":\"T\u00f6k\u00e9letes r\u00f6vid vagy hosszabb tart\u00f3zkod\u00e1sra Budapest b\u00e1jos, \u00e9lettel teli \u00e9s k\u00f6zponti Palotanegyed\u00e9ben. Foglaljon k\u00f6zvetlen\u00fcl itt.\",\"inLanguage\":\"hu\",\"potentialAction\":[{\"@type\":\"ReadAction\",\"target\":[\"https:\/\/amberlynhotel.com\/hu\/apartmanok\/\"]}]},{\"@type\":\"WebSite\",\"@id\":\"https:\/\/amberlynhotel.com\/hu\/#website\",\"url\":\"https:\/\/amberlynhotel.com\/hu\/\",\"name\":\"The Amberlyn Suite Hotel Budapest\",\"description\":\"Hotel\",\"publisher\":{\"@id\":\"https:\/\/amberlynhotel.com\/hu\/#organization\"},\"potentialAction\":[{\"@type\":\"SearchAction\",\"target\":{\"@type\":\"EntryPoint\",\"urlTemplate\":\"https:\/\/amberlynhotel.com\/hu\/?s={search_term_string}\"},\"query-input\":{\"@type\":\"PropertyValueSpecification\",\"valueRequired\":true,\"valueName\":\"search_term_string\"}}],\"inLanguage\":\"hu\"},{\"@type\":\"Organization\",\"@id\":\"https:\/\/amberlynhotel.com\/hu\/#organization\",\"name\":\"The Amberlyn Suite Hotel Budapest\",\"url\":\"https:\/\/amberlynhotel.com\/hu\/\",\"logo\":{\"@type\":\"ImageObject\",\"inLanguage\":\"hu\",\"@id\":\"https:\/\/amberlynhotel.com\/hu\/#\/schema\/logo\/image\/\",\"url\":\"https:\/\/amberlynhotel.com\/wp-content\/uploads\/2023\/03\/amberlyn_vektor_ujlogo-3.png\",\"contentUrl\":\"https:\/\/amberlynhotel.com\/wp-content\/uploads\/2023\/03\/amberlyn_vektor_ujlogo-3.png\",\"width\":800,\"height\":232,\"caption\":\"The Amberlyn Suite Hotel Budapest\"},\"image\":{\"@id\":\"https:\/\/amberlynhotel.com\/hu\/#\/schema\/logo\/image\/\"}}]}<\/script>\n<!-- \/ Yoast SEO plugin. -->","yoast_head_json":{"title":"Lakoszt\u00e1lyok \u00e9s apartmanok sz\u00e1llodai st\u00edlus\u00fa szolg\u00e1ltat\u00e1sokkal Budapesten","description":"T\u00f6k\u00e9letes r\u00f6vid vagy hosszabb tart\u00f3zkod\u00e1sra Budapest b\u00e1jos, \u00e9lettel teli \u00e9s k\u00f6zponti Palotanegyed\u00e9ben. Foglaljon k\u00f6zvetlen\u00fcl itt.","robots":{"index":"index","follow":"follow","max-snippet":"max-snippet:-1","max-image-preview":"max-image-preview:large","max-video-preview":"max-video-preview:-1"},"canonical":"https:\/\/amberlynhotel.com\/hu\/apartmanok\/","og_locale":"hu_HU","og_type":"article","og_title":"Lakoszt\u00e1lyok \u00e9s apartmanok sz\u00e1llodai st\u00edlus\u00fa szolg\u00e1ltat\u00e1sokkal Budapesten","og_description":"T\u00f6k\u00e9letes r\u00f6vid vagy hosszabb tart\u00f3zkod\u00e1sra Budapest b\u00e1jos, \u00e9lettel teli \u00e9s k\u00f6zponti Palotanegyed\u00e9ben. Foglaljon k\u00f6zvetlen\u00fcl itt.","og_url":"https:\/\/amberlynhotel.com\/hu\/apartmanok\/","og_site_name":"The Amberlyn Suite Hotel Budapest","article_modified_time":"2024-11-08T07:49:49+00:00","og_image":[{"width":2300,"height":1534,"url":"https:\/\/amberlynhotel.com\/wp-content\/uploads\/2023\/01\/2119445.jpg","type":"image\/jpeg"}],"twitter_card":"summary_large_image","schema":{"@context":"https:\/\/schema.org","@graph":[{"@type":"WebPage","@id":"https:\/\/amberlynhotel.com\/hu\/apartmanok\/","url":"https:\/\/amberlynhotel.com\/hu\/apartmanok\/","name":"Lakoszt\u00e1lyok \u00e9s apartmanok sz\u00e1llodai st\u00edlus\u00fa szolg\u00e1ltat\u00e1sokkal Budapesten","isPartOf":{"@id":"https:\/\/amberlynhotel.com\/hu\/#website"},"datePublished":"2023-01-19T10:53:11+00:00","dateModified":"2024-11-08T07:49:49+00:00","description":"T\u00f6k\u00e9letes r\u00f6vid vagy hosszabb tart\u00f3zkod\u00e1sra Budapest b\u00e1jos, \u00e9lettel teli \u00e9s k\u00f6zponti Palotanegyed\u00e9ben. Foglaljon k\u00f6zvetlen\u00fcl itt.","inLanguage":"hu","potentialAction":[{"@type":"ReadAction","target":["https:\/\/amberlynhotel.com\/hu\/apartmanok\/"]}]},{"@type":"WebSite","@id":"https:\/\/amberlynhotel.com\/hu\/#website","url":"https:\/\/amberlynhotel.com\/hu\/","name":"The Amberlyn Suite Hotel Budapest","description":"Hotel","publisher":{"@id":"https:\/\/amberlynhotel.com\/hu\/#organization"},"potentialAction":[{"@type":"SearchAction","target":{"@type":"EntryPoint","urlTemplate":"https:\/\/amberlynhotel.com\/hu\/?s={search_term_string}"},"query-input":{"@type":"PropertyValueSpecification","valueRequired":true,"valueName":"search_term_string"}}],"inLanguage":"hu"},{"@type":"Organization","@id":"https:\/\/amberlynhotel.com\/hu\/#organization","name":"The Amberlyn Suite Hotel Budapest","url":"https:\/\/amberlynhotel.com\/hu\/","logo":{"@type":"ImageObject","inLanguage":"hu","@id":"https:\/\/amberlynhotel.com\/hu\/#\/schema\/logo\/image\/","url":"https:\/\/amberlynhotel.com\/wp-content\/uploads\/2023\/03\/amberlyn_vektor_ujlogo-3.png","contentUrl":"https:\/\/amberlynhotel.com\/wp-content\/uploads\/2023\/03\/amberlyn_vektor_ujlogo-3.png","width":800,"height":232,"caption":"The Amberlyn Suite Hotel Budapest"},"image":{"@id":"https:\/\/amberlynhotel.com\/hu\/#\/schema\/logo\/image\/"}}]}},"_links":{"self":[{"href":"https:\/\/amberlynhotel.com\/hu\/wp-json\/wp\/v2\/pages\/566","targetHints":{"allow":["GET"]}}],"collection":[{"href":"https:\/\/amberlynhotel.com\/hu\/wp-json\/wp\/v2\/pages"}],"about":[{"href":"https:\/\/amberlynhotel.com\/hu\/wp-json\/wp\/v2\/types\/page"}],"author":[{"embeddable":true,"href":"https:\/\/amberlynhotel.com\/hu\/wp-json\/wp\/v2\/users\/1"}],"replies":[{"embeddable":true,"href":"https:\/\/amberlynhotel.com\/hu\/wp-json\/wp\/v2\/comments?post=566"}],"version-history":[{"count":1,"href":"https:\/\/amberlynhotel.com\/hu\/wp-json\/wp\/v2\/pages\/566\/revisions"}],"predecessor-version":[{"id":978,"href":"https:\/\/amberlynhotel.com\/hu\/wp-json\/wp\/v2\/pages\/566\/revisions\/978"}],"wp:attachment":[{"href":"https:\/\/amberlynhotel.com\/hu\/wp-json\/wp\/v2\/media?parent=566"}],"curies":[{"name":"wp","href":"https:\/\/api.w.org\/{rel}","templated":true}]}}