{"id":568,"date":"2023-01-19T14:20:57","date_gmt":"2023-01-19T14:20:57","guid":{"rendered":"https:\/\/amberlynhotel.com\/szolgaltatasok\/"},"modified":"2024-03-18T14:47:15","modified_gmt":"2024-03-18T14:47:15","slug":"szolgaltatasok","status":"publish","type":"page","link":"https:\/\/amberlynhotel.com\/hu\/szolgaltatasok\/","title":{"rendered":"Boutique apartman Budapest k\u00f6zpontj\u00e1ban sz\u00e1llodai szolg\u00e1ltat\u00e1sokkal"},"content":{"rendered":"","protected":false},"excerpt":{"rendered":"","protected":false},"author":1,"featured_media":0,"parent":0,"menu_order":0,"comment_status":"closed","ping_status":"closed","template":"page-facilities.php","meta":{"pgc_sgb_lightbox_settings":"","footnotes":""},"class_list":["post-568","page","type-page","status-publish","hentry"],"acf":[],"yoast_head":"<!-- This site is optimized with the Yoast SEO plugin v26.1.1 - https:\/\/yoast.com\/wordpress\/plugins\/seo\/ -->\n<title>Suite Hotel Budapest k\u00f6zpontj\u00e1ban sz\u00e1llodai szolg\u00e1ltat\u00e1sokkal<\/title>\n<meta name=\"description\" content=\"Sz\u00e9lesk\u00f6r\u0171 szolg\u00e1ltat\u00e1sok teszik k\u00e9nyelmesebb\u00e9 \u00e9s gondtalanabb\u00e1 a tart\u00f3zkod\u00e1s\u00e1t. 24 \u00f3r\u00e1s recepci\u00f3 \u00e9s ingyenes, sz\u00e9less\u00e1v\u00fa Wi-Fi.\" \/>\n<meta name=\"robots\" content=\"index, follow, max-snippet:-1, max-image-preview:large, max-video-preview:-1\" \/>\n<link rel=\"canonical\" href=\"https:\/\/amberlynhotel.com\/hu\/szolgaltatasok\/\" \/>\n<meta property=\"og:locale\" content=\"hu_HU\" \/>\n<meta property=\"og:type\" content=\"article\" \/>\n<meta property=\"og:title\" content=\"Suite Hotel Budapest k\u00f6zpontj\u00e1ban sz\u00e1llodai szolg\u00e1ltat\u00e1sokkal\" \/>\n<meta property=\"og:description\" content=\"Sz\u00e9lesk\u00f6r\u0171 szolg\u00e1ltat\u00e1sok teszik k\u00e9nyelmesebb\u00e9 \u00e9s gondtalanabb\u00e1 a tart\u00f3zkod\u00e1s\u00e1t. 24 \u00f3r\u00e1s recepci\u00f3 \u00e9s ingyenes, sz\u00e9less\u00e1v\u00fa Wi-Fi.\" \/>\n<meta property=\"og:url\" content=\"https:\/\/amberlynhotel.com\/hu\/szolgaltatasok\/\" \/>\n<meta property=\"og:site_name\" content=\"The Amberlyn Suite Hotel Budapest\" \/>\n<meta property=\"article:modified_time\" content=\"2024-03-18T14:47:15+00:00\" \/>\n<meta property=\"og:image\" content=\"https:\/\/amberlynhotel.com\/wp-content\/uploads\/2023\/11\/AA_0899-scaled.jpg\" \/>\n\t<meta property=\"og:image:width\" content=\"2560\" \/>\n\t<meta property=\"og:image:height\" content=\"1707\" \/>\n\t<meta property=\"og:image:type\" content=\"image\/jpeg\" \/>\n<meta name=\"twitter:card\" content=\"summary_large_image\" \/>\n<meta name=\"twitter:label1\" content=\"Becs\u00fclt olvas\u00e1si id\u0151\" \/>\n\t<meta name=\"twitter:data1\" content=\"1 perc\" \/>\n<script type=\"application\/ld+json\" class=\"yoast-schema-graph\">{\"@context\":\"https:\/\/schema.org\",\"@graph\":[{\"@type\":\"WebPage\",\"@id\":\"https:\/\/amberlynhotel.com\/hu\/szolgaltatasok\/\",\"url\":\"https:\/\/amberlynhotel.com\/hu\/szolgaltatasok\/\",\"name\":\"Suite Hotel Budapest k\u00f6zpontj\u00e1ban sz\u00e1llodai szolg\u00e1ltat\u00e1sokkal\",\"isPartOf\":{\"@id\":\"https:\/\/amberlynhotel.com\/hu\/#website\"},\"datePublished\":\"2023-01-19T14:20:57+00:00\",\"dateModified\":\"2024-03-18T14:47:15+00:00\",\"description\":\"Sz\u00e9lesk\u00f6r\u0171 szolg\u00e1ltat\u00e1sok teszik k\u00e9nyelmesebb\u00e9 \u00e9s gondtalanabb\u00e1 a tart\u00f3zkod\u00e1s\u00e1t. 24 \u00f3r\u00e1s recepci\u00f3 \u00e9s ingyenes, sz\u00e9less\u00e1v\u00fa Wi-Fi.\",\"inLanguage\":\"hu\",\"potentialAction\":[{\"@type\":\"ReadAction\",\"target\":[\"https:\/\/amberlynhotel.com\/hu\/szolgaltatasok\/\"]}]},{\"@type\":\"WebSite\",\"@id\":\"https:\/\/amberlynhotel.com\/hu\/#website\",\"url\":\"https:\/\/amberlynhotel.com\/hu\/\",\"name\":\"The Amberlyn Suite Hotel Budapest\",\"description\":\"Hotel\",\"publisher\":{\"@id\":\"https:\/\/amberlynhotel.com\/hu\/#organization\"},\"potentialAction\":[{\"@type\":\"SearchAction\",\"target\":{\"@type\":\"EntryPoint\",\"urlTemplate\":\"https:\/\/amberlynhotel.com\/hu\/?s={search_term_string}\"},\"query-input\":{\"@type\":\"PropertyValueSpecification\",\"valueRequired\":true,\"valueName\":\"search_term_string\"}}],\"inLanguage\":\"hu\"},{\"@type\":\"Organization\",\"@id\":\"https:\/\/amberlynhotel.com\/hu\/#organization\",\"name\":\"The Amberlyn Suite Hotel Budapest\",\"url\":\"https:\/\/amberlynhotel.com\/hu\/\",\"logo\":{\"@type\":\"ImageObject\",\"inLanguage\":\"hu\",\"@id\":\"https:\/\/amberlynhotel.com\/hu\/#\/schema\/logo\/image\/\",\"url\":\"https:\/\/amberlynhotel.com\/wp-content\/uploads\/2023\/03\/amberlyn_vektor_ujlogo-3.png\",\"contentUrl\":\"https:\/\/amberlynhotel.com\/wp-content\/uploads\/2023\/03\/amberlyn_vektor_ujlogo-3.png\",\"width\":800,\"height\":232,\"caption\":\"The Amberlyn Suite Hotel Budapest\"},\"image\":{\"@id\":\"https:\/\/amberlynhotel.com\/hu\/#\/schema\/logo\/image\/\"}}]}<\/script>\n<!-- \/ Yoast SEO plugin. -->","yoast_head_json":{"title":"Suite Hotel Budapest k\u00f6zpontj\u00e1ban sz\u00e1llodai szolg\u00e1ltat\u00e1sokkal","description":"Sz\u00e9lesk\u00f6r\u0171 szolg\u00e1ltat\u00e1sok teszik k\u00e9nyelmesebb\u00e9 \u00e9s gondtalanabb\u00e1 a tart\u00f3zkod\u00e1s\u00e1t. 24 \u00f3r\u00e1s recepci\u00f3 \u00e9s ingyenes, sz\u00e9less\u00e1v\u00fa Wi-Fi.","robots":{"index":"index","follow":"follow","max-snippet":"max-snippet:-1","max-image-preview":"max-image-preview:large","max-video-preview":"max-video-preview:-1"},"canonical":"https:\/\/amberlynhotel.com\/hu\/szolgaltatasok\/","og_locale":"hu_HU","og_type":"article","og_title":"Suite Hotel Budapest k\u00f6zpontj\u00e1ban sz\u00e1llodai szolg\u00e1ltat\u00e1sokkal","og_description":"Sz\u00e9lesk\u00f6r\u0171 szolg\u00e1ltat\u00e1sok teszik k\u00e9nyelmesebb\u00e9 \u00e9s gondtalanabb\u00e1 a tart\u00f3zkod\u00e1s\u00e1t. 24 \u00f3r\u00e1s recepci\u00f3 \u00e9s ingyenes, sz\u00e9less\u00e1v\u00fa Wi-Fi.","og_url":"https:\/\/amberlynhotel.com\/hu\/szolgaltatasok\/","og_site_name":"The Amberlyn Suite Hotel Budapest","article_modified_time":"2024-03-18T14:47:15+00:00","og_image":[{"width":2560,"height":1707,"url":"https:\/\/amberlynhotel.com\/wp-content\/uploads\/2023\/11\/AA_0899-scaled.jpg","type":"image\/jpeg"}],"twitter_card":"summary_large_image","twitter_misc":{"Becs\u00fclt olvas\u00e1si id\u0151":"1 perc"},"schema":{"@context":"https:\/\/schema.org","@graph":[{"@type":"WebPage","@id":"https:\/\/amberlynhotel.com\/hu\/szolgaltatasok\/","url":"https:\/\/amberlynhotel.com\/hu\/szolgaltatasok\/","name":"Suite Hotel Budapest k\u00f6zpontj\u00e1ban sz\u00e1llodai szolg\u00e1ltat\u00e1sokkal","isPartOf":{"@id":"https:\/\/amberlynhotel.com\/hu\/#website"},"datePublished":"2023-01-19T14:20:57+00:00","dateModified":"2024-03-18T14:47:15+00:00","description":"Sz\u00e9lesk\u00f6r\u0171 szolg\u00e1ltat\u00e1sok teszik k\u00e9nyelmesebb\u00e9 \u00e9s gondtalanabb\u00e1 a tart\u00f3zkod\u00e1s\u00e1t. 24 \u00f3r\u00e1s recepci\u00f3 \u00e9s ingyenes, sz\u00e9less\u00e1v\u00fa Wi-Fi.","inLanguage":"hu","potentialAction":[{"@type":"ReadAction","target":["https:\/\/amberlynhotel.com\/hu\/szolgaltatasok\/"]}]},{"@type":"WebSite","@id":"https:\/\/amberlynhotel.com\/hu\/#website","url":"https:\/\/amberlynhotel.com\/hu\/","name":"The Amberlyn Suite Hotel Budapest","description":"Hotel","publisher":{"@id":"https:\/\/amberlynhotel.com\/hu\/#organization"},"potentialAction":[{"@type":"SearchAction","target":{"@type":"EntryPoint","urlTemplate":"https:\/\/amberlynhotel.com\/hu\/?s={search_term_string}"},"query-input":{"@type":"PropertyValueSpecification","valueRequired":true,"valueName":"search_term_string"}}],"inLanguage":"hu"},{"@type":"Organization","@id":"https:\/\/amberlynhotel.com\/hu\/#organization","name":"The Amberlyn Suite Hotel Budapest","url":"https:\/\/amberlynhotel.com\/hu\/","logo":{"@type":"ImageObject","inLanguage":"hu","@id":"https:\/\/amberlynhotel.com\/hu\/#\/schema\/logo\/image\/","url":"https:\/\/amberlynhotel.com\/wp-content\/uploads\/2023\/03\/amberlyn_vektor_ujlogo-3.png","contentUrl":"https:\/\/amberlynhotel.com\/wp-content\/uploads\/2023\/03\/amberlyn_vektor_ujlogo-3.png","width":800,"height":232,"caption":"The Amberlyn Suite Hotel Budapest"},"image":{"@id":"https:\/\/amberlynhotel.com\/hu\/#\/schema\/logo\/image\/"}}]}},"_links":{"self":[{"href":"https:\/\/amberlynhotel.com\/hu\/wp-json\/wp\/v2\/pages\/568","targetHints":{"allow":["GET"]}}],"collection":[{"href":"https:\/\/amberlynhotel.com\/hu\/wp-json\/wp\/v2\/pages"}],"about":[{"href":"https:\/\/amberlynhotel.com\/hu\/wp-json\/wp\/v2\/types\/page"}],"author":[{"embeddable":true,"href":"https:\/\/amberlynhotel.com\/hu\/wp-json\/wp\/v2\/users\/1"}],"replies":[{"embeddable":true,"href":"https:\/\/amberlynhotel.com\/hu\/wp-json\/wp\/v2\/comments?post=568"}],"version-history":[{"count":0,"href":"https:\/\/amberlynhotel.com\/hu\/wp-json\/wp\/v2\/pages\/568\/revisions"}],"wp:attachment":[{"href":"https:\/\/amberlynhotel.com\/hu\/wp-json\/wp\/v2\/media?parent=568"}],"curies":[{"name":"wp","href":"https:\/\/api.w.org\/{rel}","templated":true}]}}